{"id":37944,"date":"2018-05-11T15:20:10","date_gmt":"2018-05-11T13:20:10","guid":{"rendered":"https:\/\/www.noulivin.com\/destinations\/"},"modified":"2025-10-21T19:28:49","modified_gmt":"2025-10-21T17:28:49","slug":"destinations","status":"publish","type":"page","link":"https:\/\/www.noulivin.com\/en\/destinations\/","title":{"rendered":"Destinations"},"content":{"rendered":"\t\t<div data-elementor-type=\"wp-page\" data-elementor-id=\"37944\" class=\"elementor elementor-37944 elementor-27941\" data-elementor-post-type=\"page\">\n\t\t\t\t\t\t<section class=\"elementor-section elementor-top-section elementor-element elementor-element-c9599fb elementor-section-boxed elementor-section-height-default elementor-section-height-default\" data-id=\"c9599fb\" data-element_type=\"section\">\n\t\t\t\t\t\t<div class=\"elementor-container elementor-column-gap-default\">\n\t\t\t\t\t<div class=\"elementor-column elementor-col-100 elementor-top-column elementor-element elementor-element-2a60ed5e\" data-id=\"2a60ed5e\" data-element_type=\"column\">\n\t\t\t<div class=\"elementor-widget-wrap elementor-element-populated\">\n\t\t\t\t\t\t<div class=\"elementor-element elementor-element-6b6d44f elementor-widget elementor-widget-heading\" data-id=\"6b6d44f\" data-element_type=\"widget\" data-widget_type=\"heading.default\">\n\t\t\t\t\t<h2 class=\"elementor-heading-title elementor-size-default\">Madrid<\/h2>\t\t\t\t<\/div>\n\t\t\t\t<div class=\"elementor-element elementor-element-baac95a elementor-widget elementor-widget-text-editor\" data-id=\"baac95a\" data-element_type=\"widget\" data-widget_type=\"text-editor.default\">\n\t\t\t\t\t\t\t\t\t<p>Find furnished apartments in Salamanca, Chamber\u00ed, Malasa\u00f1a, Chueca, and Lavapi\u00e9s \u2014 perfect for getaways, remote work, or business trips. Fast Wi-Fi, professional cleaning, and assisted check-in so you can arrive and settle in without complications.<\/p>\t\t\t\t\t\t\t\t<\/div>\n\t\t\t\t\t<\/div>\n\t\t<\/div>\n\t\t\t\t\t<\/div>\n\t\t<\/section>\n\t\t\t\t<section class=\"elementor-section elementor-top-section elementor-element elementor-element-ddd8e50 elementor-section-boxed elementor-section-height-default elementor-section-height-default\" data-id=\"ddd8e50\" data-element_type=\"section\">\n\t\t\t\t\t\t<div class=\"elementor-container elementor-column-gap-default\">\n\t\t\t\t\t<div class=\"elementor-column elementor-col-100 elementor-top-column elementor-element elementor-element-91baea4\" data-id=\"91baea4\" data-element_type=\"column\">\n\t\t\t<div class=\"elementor-widget-wrap elementor-element-populated\">\n\t\t\t\t\t\t<div class=\"elementor-element elementor-element-750f4f9 elementor-widget elementor-widget-Wprentals_Grids\" data-id=\"750f4f9\" data-element_type=\"widget\" data-widget_type=\"Wprentals_Grids.default\">\n\t\t\t\t<div class=\"elementor-widget-container\">\n\t\t\t\t\t<div class=\"row elementor_wprentals_grid\"><div class=\"col-md-8 col-sm-12 elementor_rentals_grid\"><div class=\"places_wrapper   type_2_class  \"   data-link=\"https:\/\/www.noulivin.com\/en\/area\/chamartin\/\"><div class=\"listing-hover-gradient\"><\/div><div class=\"listing-hover\"><\/div><div class=\"places1 featuredplace\" style=\"background-image:url(https:\/\/www.noulivin.com\/wp-content\/themes\/wprentals\/img\/defaultimage.jpg);\"><\/div><div class=\"category_name\"><a class=\"featured_listing_title\" href=\"https:\/\/www.noulivin.com\/en\/area\/chamartin\/\"><\/a><div class=\"category_tagline\"><\/div><\/div><\/div><\/div><div class=\"col-md-4 col-sm-12 elementor_rentals_grid\"><div class=\"places_wrapper   type_2_class  \"   data-link=\"https:\/\/www.noulivin.com\/en\/area\/goya\/\"><div class=\"listing-hover-gradient\"><\/div><div class=\"listing-hover\"><\/div><div class=\"places1 featuredplace\" style=\"background-image:url(https:\/\/www.noulivin.com\/wp-content\/themes\/wprentals\/img\/defaultimage.jpg);\"><\/div><div class=\"category_name\"><a class=\"featured_listing_title\" href=\"https:\/\/www.noulivin.com\/en\/area\/goya\/\"><\/a><div class=\"category_tagline\"><\/div><\/div><\/div><\/div><div class=\"col-md-4 col-sm-12 elementor_rentals_grid\"><div class=\"places_wrapper   type_2_class  \"   data-link=\"https:\/\/www.noulivin.com\/en\/area\/salamanca\/\"><div class=\"listing-hover-gradient\"><\/div><div class=\"listing-hover\"><\/div><div class=\"places1 featuredplace\" style=\"background-image:url(https:\/\/www.noulivin.com\/wp-content\/themes\/wprentals\/img\/defaultimage.jpg);\"><\/div><div class=\"category_name\"><a class=\"featured_listing_title\" href=\"https:\/\/www.noulivin.com\/en\/area\/salamanca\/\"><\/a><div class=\"category_tagline\"><\/div><\/div><\/div><\/div><\/div>\t\t\t\t<\/div>\n\t\t\t\t<\/div>\n\t\t\t\t\t<\/div>\n\t\t<\/div>\n\t\t\t\t\t<\/div>\n\t\t<\/section>\n\t\t\t\t<\/div>\n\t\t","protected":false},"excerpt":{"rendered":"<p>Madrid Find furnished apartments in Salamanca, Chamber\u00ed, Malasa\u00f1a, Chueca, and Lavapi\u00e9s \u2014 perfect for getaways, remote work, or business trips. Fast Wi-Fi, professional cleaning, and assisted check-in so you can arrive and settle in without complications. Chamart\u00ednGoyaListaSalamanca<\/p>\n","protected":false},"author":1,"featured_media":0,"parent":0,"menu_order":0,"comment_status":"closed","ping_status":"closed","template":"elementor_header_footer","meta":{"inline_featured_image":false,"footnotes":""},"class_list":["post-37944","page","type-page","status-publish","hentry"],"_links":{"self":[{"href":"https:\/\/www.noulivin.com\/en\/wp-json\/wp\/v2\/pages\/37944","targetHints":{"allow":["GET"]}}],"collection":[{"href":"https:\/\/www.noulivin.com\/en\/wp-json\/wp\/v2\/pages"}],"about":[{"href":"https:\/\/www.noulivin.com\/en\/wp-json\/wp\/v2\/types\/page"}],"author":[{"embeddable":true,"href":"https:\/\/www.noulivin.com\/en\/wp-json\/wp\/v2\/users\/1"}],"replies":[{"embeddable":true,"href":"https:\/\/www.noulivin.com\/en\/wp-json\/wp\/v2\/comments?post=37944"}],"version-history":[{"count":1,"href":"https:\/\/www.noulivin.com\/en\/wp-json\/wp\/v2\/pages\/37944\/revisions"}],"predecessor-version":[{"id":37945,"href":"https:\/\/www.noulivin.com\/en\/wp-json\/wp\/v2\/pages\/37944\/revisions\/37945"}],"wp:attachment":[{"href":"https:\/\/www.noulivin.com\/en\/wp-json\/wp\/v2\/media?parent=37944"}],"curies":[{"name":"wp","href":"https:\/\/api.w.org\/{rel}","templated":true}]}}